{"id":24,"date":"2023-04-23T16:16:44","date_gmt":"2023-04-23T16:16:44","guid":{"rendered":"https:\/\/smarthlon.com\/?page_id=24"},"modified":"2023-04-23T16:16:44","modified_gmt":"2023-04-23T16:16:44","slug":"wechselrichter","status":"publish","type":"page","link":"https:\/\/smarthlon.com\/?page_id=24","title":{"rendered":"Wechselrichter"},"content":{"rendered":"\n<p id=\"block-6ce16780-1694-44e8-a969-0e7f7583e35a\">Der Wechselrichter ist ein wichtiger Teil einer Photovoltaikanlage, da er den Gleichstrom der Solarzellen in Wechselstrom umwandelt, um ihn f\u00fcr den Eigenverbrauch oder die Einspeisung ins Stromnetz nutzen zu k\u00f6nnen. Moderne Wechselrichter bieten zus\u00e4tzliche Funktionen und k\u00f6nnen sowohl im Innen- als auch im Au\u00dfenbereich montiert werden. Ein Wechselrichter pro Anlage ist normalerweise erforderlich. Es ist wichtig, dass der Wechselrichter kompatibel mit anderen Energiespeichern ist, da zuk\u00fcnftig die meisten privaten Haushalte Stromspeicher installieren werden. Es wird empfohlen, eine Marke zu w\u00e4hlen, die sowohl Wechselrichter als auch Energiespeicher bereitstellt. Solax bietet eine verl\u00e4ngerte Garantie von 15 Jahren, was mehr als 90 % der auf dem Markt angebotenen Produkte \u00fcbertrifft.<\/p>\n\n\n\n<p id=\"block-b0442f64-69e0-48c5-bca0-f63ae54b9efc\">Diese DC-optimierte Wechselrichterl\u00f6sung hat die Art der Energieproduktion und -verwaltung eines Photovoltaik-Systems revolutioniert, indem sie den Wechselrichter als &#8222;Smart Energy Manager&#8220; einsetzt. Der Wechselrichter \u00fcberwacht und steuert die Energieproduktion und optimiert die Speicherung und den Verbrauch der Energie, um die Energieproduktion zu maximieren und die Kosten f\u00fcr den von der Photovoltaik erzeugten Strom zu senken. Trotzdem empfehlen wir Ihnen, alternative L\u00f6sungen zu ber\u00fccksichtigen und den Wechselrichter auszuw\u00e4hlen, der am besten zu Ihrem System passt, da der Ertrag Ihrer Photovoltaik-L\u00f6sung stark von der richtigen Wahl des Wechselrichters abh\u00e4ngt. Kontaktieren Sie uns gerne f\u00fcr weitere Fragen und Informationen.<\/p>\n","protected":false},"excerpt":{"rendered":"<p>Der Wechselrichter ist ein wichtiger Teil einer Photovoltaikanlage, da er den Gleichstrom der Solarzellen in Wechselstrom umwandelt, um ihn f\u00fcr den Eigenverbrauch oder die Einspeisung ins Stromnetz nutzen zu k\u00f6nnen. Moderne Wechselrichter bieten zus\u00e4tzliche Funktionen und k\u00f6nnen sowohl im Innen- als auch im Au\u00dfenbereich montiert werden. Ein Wechselrichter pro Anlage ist normalerweise erforderlich. Es ist [&hellip;]<\/p>\n","protected":false},"author":1,"featured_media":0,"parent":0,"menu_order":0,"comment_status":"closed","ping_status":"closed","template":"","meta":{"footnotes":""},"class_list":["post-24","page","type-page","status-publish","hentry"],"_links":{"self":[{"href":"https:\/\/smarthlon.com\/index.php?rest_route=\/wp\/v2\/pages\/24","targetHints":{"allow":["GET"]}}],"collection":[{"href":"https:\/\/smarthlon.com\/index.php?rest_route=\/wp\/v2\/pages"}],"about":[{"href":"https:\/\/smarthlon.com\/index.php?rest_route=\/wp\/v2\/types\/page"}],"author":[{"embeddable":true,"href":"https:\/\/smarthlon.com\/index.php?rest_route=\/wp\/v2\/users\/1"}],"replies":[{"embeddable":true,"href":"https:\/\/smarthlon.com\/index.php?rest_route=%2Fwp%2Fv2%2Fcomments&post=24"}],"version-history":[{"count":1,"href":"https:\/\/smarthlon.com\/index.php?rest_route=\/wp\/v2\/pages\/24\/revisions"}],"predecessor-version":[{"id":25,"href":"https:\/\/smarthlon.com\/index.php?rest_route=\/wp\/v2\/pages\/24\/revisions\/25"}],"wp:attachment":[{"href":"https:\/\/smarthlon.com\/index.php?rest_route=%2Fwp%2Fv2%2Fmedia&parent=24"}],"curies":[{"name":"wp","href":"https:\/\/api.w.org\/{rel}","templated":true}]}}