{"id":22,"date":"2023-04-23T16:16:10","date_gmt":"2023-04-23T16:16:10","guid":{"rendered":"https:\/\/smarthlon.com\/?page_id=22"},"modified":"2023-04-23T16:16:10","modified_gmt":"2023-04-23T16:16:10","slug":"vertriebspartner","status":"publish","type":"page","link":"https:\/\/smarthlon.com\/?page_id=22","title":{"rendered":"Vertriebspartner"},"content":{"rendered":"\n<p id=\"block-9055e034-dcb8-41f4-88a3-e2dea964418a\">Werden Sie unser Partner im Bereich der Solarenergie und bieten Sie Ihren Kunden die neuesten Photovoltaikanlagen von h\u00f6chster Qualit\u00e4t.<\/p>\n\n\n\n<p id=\"block-36a0e407-9ec2-45af-8a56-6b2cf532098c\">Als neuer Anbieter auf dem Markt f\u00fcr Solarenergie suchen wir starke Vertriebspartner, die unseren Kunden helfen, ihre Energiekosten zu senken und gleichzeitig einen Beitrag zur Reduzierung von CO2-Emissionen zu leisten. Unsere Photovoltaikanlagen sind von h\u00f6chster Qualit\u00e4t und bieten eine zuverl\u00e4ssige und effiziente Stromerzeugung.<\/p>\n\n\n\n<p id=\"block-4ccd3087-81bd-463d-a487-1e1a1b23fabb\">Als unser Partner im Bereich der Solarenergie k\u00f6nnen Sie von zahlreichen Vorteilen profitieren. Sie erhalten Zugang zu unseren hochwertigen Produkten und k\u00f6nnen Ihre Kunden mit innovativen und nachhaltigen L\u00f6sungen \u00fcberzeugen. Wir bieten Ihnen eine schnelle Lieferung und eine effektive Unterst\u00fctzung bei der Installation und Inbetriebnahme unserer Anlagen.<\/p>\n\n\n\n<p id=\"block-0f84403c-21a1-4206-8084-ba1a0ffb5093\">Unsere Photovoltaikanlagen sind einfach zu installieren und zu warten. Sie eignen sich perfekt f\u00fcr Privathaushalte und gewerbliche Kunden, die ihre Energiekosten senken und gleichzeitig etwas f\u00fcr die Umwelt tun m\u00f6chten. Mit unserem Know-how und unseren Produkten k\u00f6nnen Sie sich als zuverl\u00e4ssiger Anbieter von Solarenergie-L\u00f6sungen positionieren und Ihre Kunden nachhaltig \u00fcberzeugen.<\/p>\n\n\n\n<p id=\"block-6a295013-8e62-4ca9-8c22-6cf56b04a094\">Als unser Partner im Bereich der Solarenergie k\u00f6nnen Sie von unserer langj\u00e4hrigen Erfahrung und unserem umfassenden Know-how profitieren. Wir unterst\u00fctzen Sie bei der Beratung Ihrer Kunden und stehen Ihnen jederzeit mit Rat und Tat zur Seite. Zusammen k\u00f6nnen wir unseren Kunden helfen, ihren Energieverbrauch zu reduzieren und ihre CO2-Emissionen zu senken.<\/p>\n\n\n\n<p id=\"block-cc2c40a0-063f-4ab4-a54b-4dd55c377ada\">Werden Sie noch heute unser Partner im Bereich der Solarenergie und \u00fcberzeugen Sie Ihre Kunden mit hochwertigen Photovoltaikanlagen. Gemeinsam k\u00f6nnen wir einen wichtigen Beitrag zum Klimaschutz leisten und die Zukunft unserer Umwelt sichern.<\/p>\n","protected":false},"excerpt":{"rendered":"<p>Werden Sie unser Partner im Bereich der Solarenergie und bieten Sie Ihren Kunden die neuesten Photovoltaikanlagen von h\u00f6chster Qualit\u00e4t. Als neuer Anbieter auf dem Markt f\u00fcr Solarenergie suchen wir starke Vertriebspartner, die unseren Kunden helfen, ihre Energiekosten zu senken und gleichzeitig einen Beitrag zur Reduzierung von CO2-Emissionen zu leisten. Unsere Photovoltaikanlagen sind von h\u00f6chster Qualit\u00e4t [&hellip;]<\/p>\n","protected":false},"author":1,"featured_media":0,"parent":0,"menu_order":0,"comment_status":"closed","ping_status":"closed","template":"","meta":{"footnotes":""},"class_list":["post-22","page","type-page","status-publish","hentry"],"_links":{"self":[{"href":"https:\/\/smarthlon.com\/index.php?rest_route=\/wp\/v2\/pages\/22","targetHints":{"allow":["GET"]}}],"collection":[{"href":"https:\/\/smarthlon.com\/index.php?rest_route=\/wp\/v2\/pages"}],"about":[{"href":"https:\/\/smarthlon.com\/index.php?rest_route=\/wp\/v2\/types\/page"}],"author":[{"embeddable":true,"href":"https:\/\/smarthlon.com\/index.php?rest_route=\/wp\/v2\/users\/1"}],"replies":[{"embeddable":true,"href":"https:\/\/smarthlon.com\/index.php?rest_route=%2Fwp%2Fv2%2Fcomments&post=22"}],"version-history":[{"count":1,"href":"https:\/\/smarthlon.com\/index.php?rest_route=\/wp\/v2\/pages\/22\/revisions"}],"predecessor-version":[{"id":23,"href":"https:\/\/smarthlon.com\/index.php?rest_route=\/wp\/v2\/pages\/22\/revisions\/23"}],"wp:attachment":[{"href":"https:\/\/smarthlon.com\/index.php?rest_route=%2Fwp%2Fv2%2Fmedia&parent=22"}],"curies":[{"name":"wp","href":"https:\/\/api.w.org\/{rel}","templated":true}]}}