{"id":20,"date":"2023-04-23T16:15:32","date_gmt":"2023-04-23T16:15:32","guid":{"rendered":"https:\/\/smarthlon.com\/?page_id=20"},"modified":"2023-04-23T16:15:32","modified_gmt":"2023-04-23T16:15:32","slug":"ueber-uns","status":"publish","type":"page","link":"https:\/\/smarthlon.com\/?page_id=20","title":{"rendered":"\u00dcber uns"},"content":{"rendered":"\n<p>Solaranlagen erm\u00f6glichen in Kombination mit begabten Speicherl\u00f6sungen ein Eigenheim mit ausgeglichener \u00d6kobilanz. Daf\u00fcr wandeln leistungsstarke Bauelemente die Sonnenstrahlen in verbrauchsf\u00e4higen Strom um, den Sie jederzeit nutzen k\u00f6nnen. Dank moderner Stromspeicher verf\u00fcgen Sie auch dann \u00fcber ausreichend Energie, wenn die Sonne mal nicht scheint.<\/p>\n\n\n\n<p>Die Vorteile sind, Sie m\u00fcssen weniger Strom hinzukaufen und k\u00f6nnen so bis zu 80 % an Kosten sparen. \u00dcbersch\u00fcssiger Strom, den Sie nicht brauchen, speisen Sie einfach ins \u00f6ffentliche Netz ein und erhalten daf\u00fcr eine gesetzliche Verg\u00fctung. <\/p>\n\n\n\n<p><strong>Qualit\u00e4t<\/strong><strong> <\/strong>wir stehen f\u00fcr Qualit\u00e4t. Ebenso bieten wir und realisieren Professionalit\u00e4t im Umgang miteinander.<\/p>\n\n\n\n<p><strong>Ehrlichkeit<\/strong> steht im Mittelpunkt wir handeln stets im Interesse unserer Kunden, unseres Teams sowie der Umwelt.<\/p>\n\n\n\n<p><strong>Innovation <\/strong>wir entwickeln uns immer weiter voran und nutzen neueste Technologien, um sinnvolle Produkte f\u00fcr Gesellschaft und Umwelt langfristig anbieten zu k\u00f6nnen.<\/p>\n\n\n\n<p>Die Fachpartner von Korsmann GmbH entwickeln f\u00fcr jedes Eigenheim separate Konzepte, die an die entsprechenden Bed\u00fcrfnisse und Voraussetzungen vor Ort ideal angepasst sind.<\/p>\n\n\n\n<p>Von der Kontaktanfrage bis zur Inbetriebnahme Ihrer Photovoltaik-Anlage sind wir f\u00fcr Sie deutschlandweit im Einsatz.<\/p>\n","protected":false},"excerpt":{"rendered":"<p>Solaranlagen erm\u00f6glichen in Kombination mit begabten Speicherl\u00f6sungen ein Eigenheim mit ausgeglichener \u00d6kobilanz. Daf\u00fcr wandeln leistungsstarke Bauelemente die Sonnenstrahlen in verbrauchsf\u00e4higen Strom um, den Sie jederzeit nutzen k\u00f6nnen. Dank moderner Stromspeicher verf\u00fcgen Sie auch dann \u00fcber ausreichend Energie, wenn die Sonne mal nicht scheint. Die Vorteile sind, Sie m\u00fcssen weniger Strom hinzukaufen und k\u00f6nnen so bis [&hellip;]<\/p>\n","protected":false},"author":1,"featured_media":0,"parent":0,"menu_order":0,"comment_status":"closed","ping_status":"closed","template":"","meta":{"footnotes":""},"class_list":["post-20","page","type-page","status-publish","hentry"],"_links":{"self":[{"href":"https:\/\/smarthlon.com\/index.php?rest_route=\/wp\/v2\/pages\/20","targetHints":{"allow":["GET"]}}],"collection":[{"href":"https:\/\/smarthlon.com\/index.php?rest_route=\/wp\/v2\/pages"}],"about":[{"href":"https:\/\/smarthlon.com\/index.php?rest_route=\/wp\/v2\/types\/page"}],"author":[{"embeddable":true,"href":"https:\/\/smarthlon.com\/index.php?rest_route=\/wp\/v2\/users\/1"}],"replies":[{"embeddable":true,"href":"https:\/\/smarthlon.com\/index.php?rest_route=%2Fwp%2Fv2%2Fcomments&post=20"}],"version-history":[{"count":1,"href":"https:\/\/smarthlon.com\/index.php?rest_route=\/wp\/v2\/pages\/20\/revisions"}],"predecessor-version":[{"id":21,"href":"https:\/\/smarthlon.com\/index.php?rest_route=\/wp\/v2\/pages\/20\/revisions\/21"}],"wp:attachment":[{"href":"https:\/\/smarthlon.com\/index.php?rest_route=%2Fwp%2Fv2%2Fmedia&parent=20"}],"curies":[{"name":"wp","href":"https:\/\/api.w.org\/{rel}","templated":true}]}}