{"id":18,"date":"2023-04-23T16:12:20","date_gmt":"2023-04-23T16:12:20","guid":{"rendered":"https:\/\/smarthlon.com\/?page_id=18"},"modified":"2023-06-23T10:36:54","modified_gmt":"2023-06-23T10:36:54","slug":"startseite","status":"publish","type":"page","link":"https:\/\/smarthlon.com\/","title":{"rendered":"Startseite"},"content":{"rendered":"\n\n\n\n<p id=\"block-bbf37986-dd18-4322-a185-a4db44faa406\"><strong>Ihre Korsmann Photovoltaikanlage produziert zu 100% \u00d6kostrom, Gr\u00fcne &amp; g\u00fcnstige Energie!<\/strong><\/p>\n\n\n\n<p id=\"block-7bdb5784-2655-4c01-9969-bdbf7687c04e\">\ufeff<\/p>\n\n\n\n<h2 class=\"wp-block-heading\" id=\"block-f62fda9c-076c-4d08-80ed-34155fef206c\">Das Angebot ist kostenfrei und unverbindlich<\/h2>\n\n\n\n<p>kostenlos Angebot<\/p>\n\n\n\n<p id=\"block-d0b3f3cb-400f-4892-8375-ef3c8817fe54\">Jeder Kunde ist einzigartig. Gerne unterbreiten wir Ihnen Ihr pers\u00f6nliches kostenfreies und unverbindliches Angebot. Da wir jedes Angebot individuell f\u00fcr Sie bearbeiten, kann die Bearbeitung Ihrer Anfrage (werktags) bis zu 48 Stunden dauern. Sie m\u00f6chten Ihre Fragen pers\u00f6nlich mit einem unserer Experten kl\u00e4ren? Wir sind unter der&nbsp;<strong>Rufnummer +41 75 499 7777<\/strong>&nbsp;telefonisch f\u00fcr Sie da!<\/p>\n\n\n\n<p id=\"block-8ae88264-00e6-40b7-b0b6-cabeca71af39\"><strong>warum Solarenergie?<\/strong><\/p>\n\n\n\n<p id=\"block-026a176c-6744-4589-98fa-324e0a6b96a3\">Deutschland hat sich verpflichtet, seine Treibhausgasemissionen bis zum Jahr 2050 um 80-95% im Vergleich zu 1990 zu reduzieren. Eine Erh\u00f6hung der Nutzung von Solarenergie ist ein wichtiger Bestandteil dieser Strategie.<\/p>\n\n\n\n<p id=\"block-084b15fb-3ad6-458e-b0c7-b7fcbc222c17\">Erh\u00f6hung der Energieversorgungssicherheit: Durch die F\u00f6rderung der Nutzung von Solarenergie wird die Abh\u00e4ngigkeit von fossilen Brennstoffimporten reduziert und die Energieversorgungssicherheit erh\u00f6ht.<\/p>\n\n\n\n<p id=\"block-5d16294e-68f0-4407-b2e1-ec69f6e31ae1\">Wirtschaftliche Entwicklung: Die F\u00f6rderung der PV-Anlagen tr\u00e4gt zur Schaffung von Arbeitspl\u00e4tzen und zur F\u00f6rderung der Wirtschaft in der Solarenergiebranche bei.<\/p>\n\n\n\n<p id=\"block-48ecfd17-4960-492a-be2f-aa519b29ae25\">Kosteneffizienz: Solarenergie wird immer g\u00fcnstiger, und die F\u00f6rderung von PV-Anlagen tr\u00e4gt zur Kostenreduktion bei.<\/p>\n","protected":false},"excerpt":{"rendered":"<p>Ihre Korsmann Photovoltaikanlage produziert zu 100% \u00d6kostrom, Gr\u00fcne &amp; g\u00fcnstige Energie! \ufeff Das Angebot ist kostenfrei und unverbindlich kostenlos Angebot Jeder Kunde ist einzigartig. Gerne unterbreiten wir Ihnen Ihr pers\u00f6nliches kostenfreies und unverbindliches Angebot. Da wir jedes Angebot individuell f\u00fcr Sie bearbeiten, kann die Bearbeitung Ihrer Anfrage (werktags) bis zu 48 Stunden dauern. Sie m\u00f6chten [&hellip;]<\/p>\n","protected":false},"author":1,"featured_media":0,"parent":0,"menu_order":0,"comment_status":"closed","ping_status":"closed","template":"","meta":{"footnotes":""},"class_list":["post-18","page","type-page","status-publish","hentry"],"_links":{"self":[{"href":"https:\/\/smarthlon.com\/index.php?rest_route=\/wp\/v2\/pages\/18","targetHints":{"allow":["GET"]}}],"collection":[{"href":"https:\/\/smarthlon.com\/index.php?rest_route=\/wp\/v2\/pages"}],"about":[{"href":"https:\/\/smarthlon.com\/index.php?rest_route=\/wp\/v2\/types\/page"}],"author":[{"embeddable":true,"href":"https:\/\/smarthlon.com\/index.php?rest_route=\/wp\/v2\/users\/1"}],"replies":[{"embeddable":true,"href":"https:\/\/smarthlon.com\/index.php?rest_route=%2Fwp%2Fv2%2Fcomments&post=18"}],"version-history":[{"count":3,"href":"https:\/\/smarthlon.com\/index.php?rest_route=\/wp\/v2\/pages\/18\/revisions"}],"predecessor-version":[{"id":58,"href":"https:\/\/smarthlon.com\/index.php?rest_route=\/wp\/v2\/pages\/18\/revisions\/58"}],"wp:attachment":[{"href":"https:\/\/smarthlon.com\/index.php?rest_route=%2Fwp%2Fv2%2Fmedia&parent=18"}],"curies":[{"name":"wp","href":"https:\/\/api.w.org\/{rel}","templated":true}]}}