{"id":16,"date":"2023-04-23T16:10:22","date_gmt":"2023-04-23T16:10:22","guid":{"rendered":"https:\/\/smarthlon.com\/?page_id=16"},"modified":"2023-04-23T16:10:22","modified_gmt":"2023-04-23T16:10:22","slug":"speichersystem-batterie","status":"publish","type":"page","link":"https:\/\/smarthlon.com\/?page_id=16","title":{"rendered":"Speichersystem \/ Batterie"},"content":{"rendered":"\n<p id=\"block-736e80f5-f73e-4f39-85dd-588326d707a1\">Au\u00dferdem k\u00f6nnen Sie Ihren Solarstrom effizient und zuverl\u00e4ssig auch nachts oder an sonnenarmen Tagen nutzen, da der \u00fcbersch\u00fcssige Strom in dem Stromspeicher gespeichert wird. Die Speicherung von Sonnenstrom spielt eine immer wichtigere Rolle auf dem Photovoltaikmarkt, da es Ihnen erm\u00f6glicht, Ihren eigenen produzierten Solarstrom unabh\u00e4ngig von der aktuellen Sonneneinstrahlung zu nutzen. \u00dcberlegen Sie daher auch die Installation eines Stromspeichers, wenn Sie Ihre bestehende Photovoltaik-Anlage erweitern m\u00f6chten.<\/p>\n\n\n\n<p id=\"block-4d9ff9a3-fa3d-418a-97f3-8bb5ea412ace\">Au\u00dferdem erm\u00f6glicht Ihnen ein Stromspeicher, den selbst produzierten Solarstrom zu nutzen, statt ihn ins Stromnetz einzuspeisen, wodurch Sie auch unabh\u00e4ngiger von den Strompreisen werden. Die Sonnenstrom-Speicherung ist ein wichtiger Faktor f\u00fcr eine nachhaltige und autarke Energieversorgung und bietet Ihnen eine hohe Unabh\u00e4ngigkeit und Flexibilit\u00e4t in der Stromnutzung.<\/p>\n\n\n\n<p id=\"block-2bbad7bc-8c5f-4fde-971e-94fa7fa6fe26\">Ja, ein Stromspeicher erm\u00f6glicht es, den selbst produzierten Solarstrom auch au\u00dferhalb der Tageszeiten mit viel Sonneneinstrahlung zu nutzen. Es ist eine M\u00f6glichkeit, die Unabh\u00e4ngigkeit von externen Stromversorgern zu erh\u00f6hen und die Energieeffizienz zu verbessern.<\/p>\n","protected":false},"excerpt":{"rendered":"<p>Au\u00dferdem k\u00f6nnen Sie Ihren Solarstrom effizient und zuverl\u00e4ssig auch nachts oder an sonnenarmen Tagen nutzen, da der \u00fcbersch\u00fcssige Strom in dem Stromspeicher gespeichert wird. Die Speicherung von Sonnenstrom spielt eine immer wichtigere Rolle auf dem Photovoltaikmarkt, da es Ihnen erm\u00f6glicht, Ihren eigenen produzierten Solarstrom unabh\u00e4ngig von der aktuellen Sonneneinstrahlung zu nutzen. \u00dcberlegen Sie daher auch [&hellip;]<\/p>\n","protected":false},"author":1,"featured_media":0,"parent":0,"menu_order":0,"comment_status":"closed","ping_status":"closed","template":"","meta":{"footnotes":""},"class_list":["post-16","page","type-page","status-publish","hentry"],"_links":{"self":[{"href":"https:\/\/smarthlon.com\/index.php?rest_route=\/wp\/v2\/pages\/16","targetHints":{"allow":["GET"]}}],"collection":[{"href":"https:\/\/smarthlon.com\/index.php?rest_route=\/wp\/v2\/pages"}],"about":[{"href":"https:\/\/smarthlon.com\/index.php?rest_route=\/wp\/v2\/types\/page"}],"author":[{"embeddable":true,"href":"https:\/\/smarthlon.com\/index.php?rest_route=\/wp\/v2\/users\/1"}],"replies":[{"embeddable":true,"href":"https:\/\/smarthlon.com\/index.php?rest_route=%2Fwp%2Fv2%2Fcomments&post=16"}],"version-history":[{"count":1,"href":"https:\/\/smarthlon.com\/index.php?rest_route=\/wp\/v2\/pages\/16\/revisions"}],"predecessor-version":[{"id":17,"href":"https:\/\/smarthlon.com\/index.php?rest_route=\/wp\/v2\/pages\/16\/revisions\/17"}],"wp:attachment":[{"href":"https:\/\/smarthlon.com\/index.php?rest_route=%2Fwp%2Fv2%2Fmedia&parent=16"}],"curies":[{"name":"wp","href":"https:\/\/api.w.org\/{rel}","templated":true}]}}