{"id":14,"date":"2023-04-23T16:09:56","date_gmt":"2023-04-23T16:09:56","guid":{"rendered":"https:\/\/smarthlon.com\/?page_id=14"},"modified":"2023-04-23T16:09:56","modified_gmt":"2023-04-23T16:09:56","slug":"solarmoduls","status":"publish","type":"page","link":"https:\/\/smarthlon.com\/?page_id=14","title":{"rendered":"Solarmoduls"},"content":{"rendered":"\n<p id=\"block-051d41b1-c516-4da6-9d41-9ce602b39c1e\">Wir verwenden ausschlie\u00dflich hochwertige Solarmodule, die f\u00fcr ihre Effizienz, Zuverl\u00e4ssigkeit und Qualit\u00e4t bekannt sind. Solarmodule sind das Kernst\u00fcck jeder Photovoltaik-Anlage und bestehen aus einzelnen Solarzellen, die Sonnenstrahlen in Energie umwandeln.<\/p>\n\n\n\n<p id=\"block-2daad42e-5844-4831-8e19-948e2b1af08e\">Wir empfehlen Solarmodule mit fortschrittlicher Schindel-Technologie, die einen Nutzungswirkungsgrad von bis zu 21% erreichen, was den meisten auf dem Markt verf\u00fcgbaren Produkten \u00fcberlegen ist. Wir installieren nur Solarmodule von renommierten Markenherstellern, die eine Leistung von mindestens 84,8% ihrer Ausgangsleistung nach 25 Jahren Nutzung garantieren.<\/p>\n\n\n\n<p id=\"block-ddaf38d0-10af-48c6-acbd-e0aaa7e6b8e2\">Die komplett schwarze Ausf\u00fchrung dieser Solarmodule sorgt f\u00fcr eine attraktive Optik und ist zurzeit sehr gefragt bei privaten Haushalten in Deutschland. Um Sie vor Fehlinvestitionen zu sch\u00fctzen, arbeiten wir nur mit renommierten Herstellern zusammen.<\/p>\n","protected":false},"excerpt":{"rendered":"<p>Wir verwenden ausschlie\u00dflich hochwertige Solarmodule, die f\u00fcr ihre Effizienz, Zuverl\u00e4ssigkeit und Qualit\u00e4t bekannt sind. Solarmodule sind das Kernst\u00fcck jeder Photovoltaik-Anlage und bestehen aus einzelnen Solarzellen, die Sonnenstrahlen in Energie umwandeln. Wir empfehlen Solarmodule mit fortschrittlicher Schindel-Technologie, die einen Nutzungswirkungsgrad von bis zu 21% erreichen, was den meisten auf dem Markt verf\u00fcgbaren Produkten \u00fcberlegen ist. Wir [&hellip;]<\/p>\n","protected":false},"author":1,"featured_media":0,"parent":0,"menu_order":0,"comment_status":"closed","ping_status":"closed","template":"","meta":{"footnotes":""},"class_list":["post-14","page","type-page","status-publish","hentry"],"_links":{"self":[{"href":"https:\/\/smarthlon.com\/index.php?rest_route=\/wp\/v2\/pages\/14","targetHints":{"allow":["GET"]}}],"collection":[{"href":"https:\/\/smarthlon.com\/index.php?rest_route=\/wp\/v2\/pages"}],"about":[{"href":"https:\/\/smarthlon.com\/index.php?rest_route=\/wp\/v2\/types\/page"}],"author":[{"embeddable":true,"href":"https:\/\/smarthlon.com\/index.php?rest_route=\/wp\/v2\/users\/1"}],"replies":[{"embeddable":true,"href":"https:\/\/smarthlon.com\/index.php?rest_route=%2Fwp%2Fv2%2Fcomments&post=14"}],"version-history":[{"count":1,"href":"https:\/\/smarthlon.com\/index.php?rest_route=\/wp\/v2\/pages\/14\/revisions"}],"predecessor-version":[{"id":15,"href":"https:\/\/smarthlon.com\/index.php?rest_route=\/wp\/v2\/pages\/14\/revisions\/15"}],"wp:attachment":[{"href":"https:\/\/smarthlon.com\/index.php?rest_route=%2Fwp%2Fv2%2Fmedia&parent=14"}],"curies":[{"name":"wp","href":"https:\/\/api.w.org\/{rel}","templated":true}]}}